{"id":1229,"date":"2017-11-07T06:50:17","date_gmt":"2017-11-07T06:50:17","guid":{"rendered":"http:\/\/dev.acuklinika.lv\/sakums\/"},"modified":"2024-07-10T08:14:57","modified_gmt":"2024-07-10T08:14:57","slug":"sakums","status":"publish","type":"page","link":"https:\/\/acuklinika.lv\/en\/","title":{"rendered":"Start"},"content":{"rendered":"<section class=\"wpb-content-wrapper\"><p>[vc_row][vc_column]\n<div class=\"lukins-spacer medium\"><\/div>\n<div class=\"lukins-promo-section\">\n\n            <img src=\"https:\/\/acuklinika.lv\/wp-content\/uploads\/2017\/11\/logo-lukins-1.svg\" style=\"height: 28vw;\" class=\"is-loading\" \/>\n    \n    <div class=\"container\">\n        <div class=\"row\">\n            <div class=\"content\">\n                <\/p>\n<h2>Trust that has been earned over 20 years of experience<\/h2>\n<h3>More than 25,000 vision correction operations were performed<\/h3>\n<p>            <\/div>\n        <\/div>\n    <\/div>\n<\/div>\n<div class=\"lukins-spacer big\"><\/div>\n<div class=\"lukins-title\">\n    <h2>We do it differently<\/h2>\n<\/div>\n<div class=\"lukins-spacer medium\"><\/div>\n<div class=\"lukins-promo-icons\">\n\n            <div class=\"item\">\n\n            \n                <div class=\"icon is-loading\">\n                    <a href=\"https:\/\/www.acuklinika.lv\/en\/atsauksmes\/\" target=\"\" rel=\"\">\n                        <img src=\"https:\/\/acuklinika.lv\/wp-content\/uploads\/2017\/11\/icon-heart-1.svg\">\n                    <\/a>\n                <\/div>\n\n            \n            <h2><a href=\"https:\/\/www.acuklinika.lv\/en\/atsauksmes\/\" target=\"\" rel=\"\">\n                    References - individual approach and lifelong care                <\/a>\n            <\/h2>\n\n            <p>\n                            <\/p>\n\n            <div class=\"ffwd\"><a href=\"https:\/\/www.acuklinika.lv\/en\/atsauksmes\/\" target=\"\" rel=\"\">\n                    Learn more                <\/a>\n            <\/div>\n\n        <\/div>\n            <div class=\"item\">\n\n            \n                <div class=\"icon is-loading\">\n                    <a href=\"https:\/\/www.acuklinika.lv\/en\/par-mums\/\" target=\"\" rel=\"\">\n                        <img src=\"https:\/\/acuklinika.lv\/wp-content\/uploads\/2017\/11\/icon-medal-1.svg\">\n                    <\/a>\n                <\/div>\n\n            \n            <h2><a href=\"https:\/\/www.acuklinika.lv\/en\/par-mums\/\" target=\"\" rel=\"\">\n                    About us - uncompromising quality                <\/a>\n            <\/h2>\n\n            <p>\n                            <\/p>\n\n            <div class=\"ffwd\"><a href=\"https:\/\/www.acuklinika.lv\/en\/par-mums\/\" target=\"\" rel=\"\">\n                    Learn more                <\/a>\n            <\/div>\n\n        <\/div>\n            <div class=\"item\">\n\n            \n                <div class=\"icon is-loading\">\n                    <a href=\"https:\/\/www.acuklinika.lv\/en\/pakalpojumi\/\" target=\"\" rel=\"\">\n                        <img src=\"https:\/\/acuklinika.lv\/wp-content\/uploads\/2017\/11\/icon-rocket-1.svg\">\n                    <\/a>\n                <\/div>\n\n            \n            <h2><a href=\"https:\/\/www.acuklinika.lv\/en\/pakalpojumi\/\" target=\"\" rel=\"\">\n                    Services - we are among the most modern service providers in the Baltic States                <\/a>\n            <\/h2>\n\n            <p>\n                            <\/p>\n\n            <div class=\"ffwd\"><a href=\"https:\/\/www.acuklinika.lv\/en\/pakalpojumi\/\" target=\"\" rel=\"\">\n                    Learn more                <\/a>\n            <\/div>\n\n        <\/div>\n    \n<\/div>\n<div class=\"lukins-spacer big\"><\/div>\n<div class=\"lukins-calculator\" id=\"dc81091cedee7927562caef65c11b30f7eb38b7169f0b78954290\">\n    <div class=\"lukins-spacer big\"><\/div>\n    <h2>How much would you save, if you did not need to wear contact lenses?<\/h2>\n    <div class=\"lukins-spacer medium\"><\/div>\n    <div class=\"container\">\n        <div class=\"row\">\n            <div class=\"calculator\">\n                <div class=\"left\">\n\n                    <div class=\"input-wrapper\">\n\n                        <label>\n                            Your age                            <input type=\"text\" id=\"value-1\" class=\"value age\" disabled \/>\n                        <\/label>\n\n                        <div\n                                data-min-age=\"18\"\n                                data-max-age=\"55\"\n                                data-default-age=\"20\"\n                                data-cost-liquid=\"4\"\n                                data-to-age=\"60\"\n                                data-cost-service=\"1\"\n                                class=\"range age\">\n                        <\/div>\n\n                    <\/div>\n\n                    <div class=\"input-wrapper\">\n                        <label>Type of contact lenses<\/label>\n                        <div class=\"type\">\n\n                                                        \n                                <a href=\"javascript:;\"\n                                   class=\"active\"                                   data-value=\"40\"\n                                >\n                                    Daily lenses                                <\/a>\n\n                            \n                                <a href=\"javascript:;\"\n                                                                      data-value=\"12\"\n                                >\n                                    Monthly                                <\/a>\n\n                            \n                        <\/div>\n                    <\/div>\n\n                <\/div>\n                <div class=\"right\">\n\n                    <div class=\"total-value\">\n                        <span>Save<\/span>\n                        <input type=\"button\" id=\"total-value\" class=\"total-value-button\" data-suffix=\" &euro;\" \/>\n                    <\/div>\n\n                <\/div>\n            <\/div>\n        <\/div>\n    <\/div>\n\n    <div class=\"lukins-spacer medium\"><\/div>\n\n    <div class=\"benefits\">\n\n                \n            <div class=\"item\">\n                <span class=\"icon\"><\/span>\n\n                <h2>\n                    <a href=\"https:\/\/www.acuklinika.lv\/en\/cenas\/\" target=\"\" rel=\"\">\n                        Unlimited number of vision control tests performed by optometrist during the first year*                    <\/a>\n                <\/h2>\n\n                <div class=\"ffwd\"><a href=\"https:\/\/www.acuklinika.lv\/en\/cenas\/\" target=\"\" rel=\"\">\n                        Learn more                    <\/a>\n                <\/div>\n\n            <\/div>\n\n        \n            <div class=\"item\">\n                <span class=\"icon\"><\/span>\n\n                <h2>\n                    <a href=\"https:\/\/www.acuklinika.lv\/en\/pakalpojumi\/redzes-lazerkorekcija\/\" target=\"\" rel=\"\">\n                        A free annual vision control test by an optometrist every following year*                    <\/a>\n                <\/h2>\n\n                <div class=\"ffwd\"><a href=\"https:\/\/www.acuklinika.lv\/en\/pakalpojumi\/redzes-lazerkorekcija\/\" target=\"\" rel=\"\">\n                        Learn more                    <\/a>\n                <\/div>\n\n            <\/div>\n\n        \n    <\/div>\n    <div class=\"lukins-spacer medium\"><\/div>\n    <div class=\"notes\">\n        *The cost of SMART LASIK and ASA Streamlight laser vision correction operation includes free vision control tests performed by an optometrist    <\/div>\n    <div class=\"lukins-spacer medium\"><\/div>\n<\/div>\n\n<script>\n\n    jQuery(document).ready(function() {\n\n\/\/    * Apr\u0113\u0137ini veikti, par pamatu \u0146emot vid\u0113j\u0101s m\u0113ne\u0161a (Ls 12) un dienas (Ls 30)\n\/\/        kontaktl\u0113cu cenas vienam m\u0113nesim, k\u0101 ar\u012b uzglab\u0101\u0161anas \u0161\u0137\u012bduma vid\u0113j\u0101s izmaksas m\u0113nes\u012b (Ls 4).\n\/\/        Apr\u0113\u0137in\u0101 pie\u0146emts, ka kontaktl\u0113cas tiek lietotas l\u012bdz 60 gadu vecumam,\n\/\/            un tam ir tikai informat\u012bva noz\u012bme.\n\n        var calc = jQuery('#dc81091cedee7927562caef65c11b30f7eb38b7169f0b78954290');\n        var ageRange = calc.find('.range.age');\n        var ageValue = calc.find('.value.age');\n        var result = calc.find('.total-value-button');\n        var activeType = calc.find('.type .active');\n\n        ageRange.slider({\n\n            range: \"min\",\n            step: 1,\n            min: ageRange.data('min-age'),\n            max: ageRange.data('max-age'),\n\n            create: function(event, ui){\n\n                jQuery(this).slider('value', ageRange.data('default-age'));\n                ageValue.val( ageRange.data('default-age') );\n\n                do_dc81091cedee7927562caef65c11b30f7eb38b7169f0b78954290_update()\n\n            },\n\n            slide: function(event, ui ) {\n\n                jQuery(this).slider('value', ui.value);\n                ageValue.val( ui.value );\n\n                do_dc81091cedee7927562caef65c11b30f7eb38b7169f0b78954290_update()\n\n            }\n\n        });\n\n        function do_dc81091cedee7927562caef65c11b30f7eb38b7169f0b78954290_update() {\n\n            var years = ageRange.data('to-age') - ageValue.val();\n            var value = years * 12 * ( parseFloat( ageRange.data('cost-liquid') ) + parseFloat( activeType.data('value') ) );\n            var reduced = value - parseFloat( ageRange.data('cost-service') );\n\n            result.val( String( Math.round(reduced) ) + result.data('suffix') );\n\n        }\n\n        calc.find('.type a').click(function() {\n\n            jQuery(this).siblings().removeClass('active');\n            jQuery(this).addClass('active');\n            activeType = jQuery(this);\n\n            do_dc81091cedee7927562caef65c11b30f7eb38b7169f0b78954290_update()\n\n        })\n\n\n    })\n\n<\/script>\n<div class=\"lukins-promo-signup\">\n    <div class=\"title\">\n\n        <\/p>\n<h2><a href=\"http:\/\/lukins.html.born.lv\/home.html#\">Come in for a consultation and we will tell you more<\/a><\/h2>\n<div class=\"intro\">\n            <p>\n                Experienced specialists will answer all your questions regarding laser vision correction, as well as the health of your eyes.            <\/p>\n        <\/div>\n\n        <a href=\"#signup\"\n           target=\"\"\n           rel=\"\" class=\"lukins-btn\">Apply for a consultation<\/a>\n\n        <h3><\/h3>\n\n    <\/div>\n\n            <div class=\"bg-parallax\">\n            <div class=\"image\" style=\"background-image: url(https:\/\/acuklinika.lv\/wp-content\/uploads\/2018\/02\/pexels-ksenia-chernaya-5752266-2-1920x960.jpg);\"><\/div>\n        <\/div>\n    \n<\/div>[\/vc_column][\/vc_row]<\/p>\n<\/section>","protected":false},"excerpt":{"rendered":"<p>[vc_row][vc_column][\/vc_column][\/vc_row]<\/p>\n","protected":false},"author":1,"featured_media":0,"parent":0,"menu_order":0,"comment_status":"closed","ping_status":"closed","template":"template-homepage.php","meta":[],"_links":{"self":[{"href":"https:\/\/acuklinika.lv\/en\/wp-json\/wp\/v2\/pages\/1229"}],"collection":[{"href":"https:\/\/acuklinika.lv\/en\/wp-json\/wp\/v2\/pages"}],"about":[{"href":"https:\/\/acuklinika.lv\/en\/wp-json\/wp\/v2\/types\/page"}],"author":[{"embeddable":true,"href":"https:\/\/acuklinika.lv\/en\/wp-json\/wp\/v2\/users\/1"}],"replies":[{"embeddable":true,"href":"https:\/\/acuklinika.lv\/en\/wp-json\/wp\/v2\/comments?post=1229"}],"version-history":[{"count":18,"href":"https:\/\/acuklinika.lv\/en\/wp-json\/wp\/v2\/pages\/1229\/revisions"}],"predecessor-version":[{"id":17210,"href":"https:\/\/acuklinika.lv\/en\/wp-json\/wp\/v2\/pages\/1229\/revisions\/17210"}],"wp:attachment":[{"href":"https:\/\/acuklinika.lv\/en\/wp-json\/wp\/v2\/media?parent=1229"}],"curies":[{"name":"wp","href":"https:\/\/api.w.org\/{rel}","templated":true}]}}