{"id":1061,"date":"2017-11-07T06:50:17","date_gmt":"2017-11-07T06:50:17","guid":{"rendered":"http:\/\/dev.acuklinika.lv\/sakums\/"},"modified":"2024-07-10T08:17:39","modified_gmt":"2024-07-10T08:17:39","slug":"sakums","status":"publish","type":"page","link":"https:\/\/acuklinika.lv\/ru\/","title":{"rendered":"\u041d\u0430\u0447\u0430\u043b\u043e"},"content":{"rendered":"<section class=\"wpb-content-wrapper\"><p>[vc_row][vc_column]\n<div class=\"lukins-spacer medium\"><\/div>\n<div class=\"lukins-promo-section\">\n\n            <img src=\"https:\/\/acuklinika.lv\/wp-content\/uploads\/2017\/11\/logo-lukins-1.svg\" style=\"height: 28vw;\" class=\"is-loading\" \/>\n    \n    <div class=\"container\">\n        <div class=\"row\">\n            <div class=\"content\">\n                <\/p>\n<h2>\u0420\u0430\u0431\u043e\u0442\u0430\u0435\u043c \u0443\u0436\u0435 19 \u043b\u0435\u0442 \u0438 \u0437\u0430\u0441\u043b\u0443\u0436\u0438\u043b\u0438 \u043f\u043e\u043b\u043d\u043e\u0435 \u0434\u043e\u0432\u0435\u0440\u0438\u0435 \u043a\u043b\u0438\u0435\u043d\u0442\u043e\u0432<\/h2>\n<h3>\u041f\u0440\u043e\u0432\u0435\u0434\u0435\u043d\u043e \u0431\u043e\u043b\u0435\u0435 25 000 \u043e\u043f\u0435\u0440\u0430\u0446\u0438\u0439 \u043f\u043e \u043a\u043e\u0440\u0440\u0435\u043a\u0446\u0438\u0438 \u0437\u0440\u0435\u043d\u0438\u044f<\/h3>\n<p>            <\/div>\n        <\/div>\n    <\/div>\n<\/div>\n<div class=\"lukins-spacer big\"><\/div>\n<div class=\"lukins-title\">\n    <h2>\u041c\u044b \u0434\u0435\u043b\u0430\u0435\u043c \u0432\u0441\u0435 \u0438\u043d\u0430\u0447\u0435<\/h2>\n<\/div>\n<div class=\"lukins-spacer medium\"><\/div>\n<div class=\"lukins-promo-icons\">\n\n            <div class=\"item\">\n\n            \n                <div class=\"icon is-loading\">\n                    <a href=\"https:\/\/www.acuklinika.lv\/ru\/%d0%be%d1%82%d0%b7%d1%8b%d0%b2%d1%8b\/\" target=\"\" rel=\"\">\n                        <img src=\"https:\/\/acuklinika.lv\/wp-content\/uploads\/2017\/11\/icon-heart-1.svg\">\n                    <\/a>\n                <\/div>\n\n            \n            <h2><a href=\"https:\/\/www.acuklinika.lv\/ru\/%d0%be%d1%82%d0%b7%d1%8b%d0%b2%d1%8b\/\" target=\"\" rel=\"\">\n                    \u041e\u0442\u0437\u044b\u0432\u044b - \u0438\u043d\u0434\u0438\u0432\u0438\u0434\u0443\u0430\u043b\u044c\u043d\u044b\u0439 \u043f\u043e\u0434\u0445\u043e\u0434 \u0438 \u043f\u043e\u0436\u0438\u0437\u043d\u0435\u043d\u043d\u0430\u044f \u0437\u0430\u0431\u043e\u0442\u0430 \u043e \u043f\u0430\u0446\u0438\u0435\u043d\u0442\u0435                <\/a>\n            <\/h2>\n\n            <p>\n                            <\/p>\n\n            <div class=\"ffwd\"><a href=\"https:\/\/www.acuklinika.lv\/ru\/%d0%be%d1%82%d0%b7%d1%8b%d0%b2%d1%8b\/\" target=\"\" rel=\"\">\n                    \u0423\u0437\u043d\u0430\u0439 \u0431\u043e\u043b\u044c\u0448\u0435                <\/a>\n            <\/div>\n\n        <\/div>\n            <div class=\"item\">\n\n            \n                <div class=\"icon is-loading\">\n                    <a href=\"https:\/\/www.acuklinika.lv\/ru\/%d0%be-%d0%bd%d0%b0%d1%81\/\" target=\"\" rel=\"\">\n                        <img src=\"https:\/\/acuklinika.lv\/wp-content\/uploads\/2017\/11\/icon-medal-1.svg\">\n                    <\/a>\n                <\/div>\n\n            \n            <h2><a href=\"https:\/\/www.acuklinika.lv\/ru\/%d0%be-%d0%bd%d0%b0%d1%81\/\" target=\"\" rel=\"\">\n                    \u041e \u043d\u0430\u0441 - \u043a\u0430\u0447\u0435\u0441\u0442\u0432\u043e \u0431\u0435\u0437 \u043a\u043e\u043c\u043f\u0440\u043e\u043c\u0438\u0441\u0441\u043e\u0432                <\/a>\n            <\/h2>\n\n            <p>\n                            <\/p>\n\n            <div class=\"ffwd\"><a href=\"https:\/\/www.acuklinika.lv\/ru\/%d0%be-%d0%bd%d0%b0%d1%81\/\" target=\"\" rel=\"\">\n                    \u0423\u0437\u043d\u0430\u0439 \u0431\u043e\u043b\u044c\u0448\u0435                <\/a>\n            <\/div>\n\n        <\/div>\n            <div class=\"item\">\n\n            \n                <div class=\"icon is-loading\">\n                    <a href=\"https:\/\/www.acuklinika.lv\/ru\/%d1%83%d1%81%d0%bb%d1%83%d0%b3%d0%b8\/\" target=\"\" rel=\"\">\n                        <img src=\"https:\/\/acuklinika.lv\/wp-content\/uploads\/2017\/11\/icon-rocket-1.svg\">\n                    <\/a>\n                <\/div>\n\n            \n            <h2><a href=\"https:\/\/www.acuklinika.lv\/ru\/%d1%83%d1%81%d0%bb%d1%83%d0%b3%d0%b8\/\" target=\"\" rel=\"\">\n                    \u0423\u0441\u043b\u0443\u0433\u0438 - \u043e\u0434\u043d\u0430 \u0438\u0437 \u0441\u043e\u0432\u0440\u0435\u043c\u0435\u043d\u043d\u0435\u0439\u0448\u0438\u0445 \u043a\u043b\u0438\u043d\u0438\u043a \u0432 \u0411\u0430\u043b\u0442\u0438\u0438                <\/a>\n            <\/h2>\n\n            <p>\n                            <\/p>\n\n            <div class=\"ffwd\"><a href=\"https:\/\/www.acuklinika.lv\/ru\/%d1%83%d1%81%d0%bb%d1%83%d0%b3%d0%b8\/\" target=\"\" rel=\"\">\n                    \u0423\u0437\u043d\u0430\u0439 \u0431\u043e\u043b\u044c\u0448\u0435                <\/a>\n            <\/div>\n\n        <\/div>\n    \n<\/div>\n<div class=\"lukins-spacer big\"><\/div>\n<div class=\"lukins-calculator\" id=\"6eacb9667a016185bb403cb2bf1a733ce5c070f569ea25b45fd20\">\n    <div class=\"lukins-spacer big\"><\/div>\n    <h2>\u0421\u043a\u043e\u043b\u044c\u043a\u043e \u0431\u044b \u0432\u044b \u0441\u044d\u043a\u043e\u043d\u043e\u043c\u0438\u043b\u0438, \u0438\u0437\u0431\u0430\u0432\u0438\u0432\u0448\u0438\u0441\u044c \u043e\u0442 \u043d\u0435\u043e\u0431\u0445\u043e\u0434\u0438\u043c\u043e\u0441\u0442\u0438 \u043d\u043e\u0441\u0438\u0442\u044c \u043a\u043e\u043d\u0442\u0430\u043a\u0442\u043d\u044b\u0435 \u043b\u0438\u043d\u0437\u044b?<\/h2>\n    <div class=\"lukins-spacer medium\"><\/div>\n    <div class=\"container\">\n        <div class=\"row\">\n            <div class=\"calculator\">\n                <div class=\"left\">\n\n                    <div class=\"input-wrapper\">\n\n                        <label>\n                            \u0412\u0430\u0448 \u0432\u043e\u0437\u0440\u0430\u0441\u0442                            <input type=\"text\" id=\"value-1\" class=\"value age\" disabled \/>\n                        <\/label>\n\n                        <div\n                                data-min-age=\"18\"\n                                data-max-age=\"55\"\n                                data-default-age=\"20\"\n                                data-cost-liquid=\"4\"\n                                data-to-age=\"60\"\n                                data-cost-service=\"1\"\n                                class=\"range age\">\n                        <\/div>\n\n                    <\/div>\n\n                    <div class=\"input-wrapper\">\n                        <label>\u0412\u0438\u0434 \u043a\u043e\u043d\u0442\u0430\u043a\u0442\u043d\u044b\u0445 \u043b\u0438\u043d\u0437<\/label>\n                        <div class=\"type\">\n\n                                                        \n                                <a href=\"javascript:;\"\n                                   class=\"active\"                                   data-value=\"40\"\n                                >\n                                    \u041e\u0434\u043d\u043e\u0434\u043d\u0435\u0432\u043d\u044b\u0435 \u043b\u0438\u043d\u0437\u044b                                <\/a>\n\n                            \n                                <a href=\"javascript:;\"\n                                                                      data-value=\"12\"\n                                >\n                                    \u041c\u0435\u0441\u044f\u0447\u043d\u044b\u0435 \u043b\u0438\u043d\u0437\u044b                                <\/a>\n\n                            \n                        <\/div>\n                    <\/div>\n\n                <\/div>\n                <div class=\"right\">\n\n                    <div class=\"total-value\">\n                        <span>\u0421\u044d\u043a\u043e\u043d\u043e\u043c\u044c\u0442\u0435<\/span>\n                        <input type=\"button\" id=\"total-value\" class=\"total-value-button\" data-suffix=\" &euro;\" \/>\n                    <\/div>\n\n                <\/div>\n            <\/div>\n        <\/div>\n    <\/div>\n\n    <div class=\"lukins-spacer medium\"><\/div>\n\n    <div class=\"benefits\">\n\n                \n            <div class=\"item\">\n                <span class=\"icon\"><\/span>\n\n                <h2>\n                    <a href=\"https:\/\/www.acuklinika.lv\/ru\/%d1%86%d0%b5%d0%bd%d1%8b\/\" target=\"\" rel=\"\">\n                        \u0412 \u0442\u0435\u0447\u0435\u043d\u0438\u0435 \u043f\u0435\u0440\u0432\u043e\u0433\u043e \u0433\u043e\u0434\u0430 \u2013 \u043d\u0435\u043e\u0433\u0440\u0430\u043d\u0438\u0447\u0435\u043d\u043d\u043e\u0435 \u043a\u043e\u043b\u0438\u0447\u0435\u0441\u0442\u0432\u043e \u0432\u0438\u0437\u0438\u0442\u043e\u0432 \u043a \u043e\u043f\u0442\u043e\u043c\u0435\u0442\u0440\u0438\u0441\u0442\u0443 \u0434\u043b\u044f \u043a\u043e\u043d\u0442\u0440\u043e\u043b\u044f \u0437\u0440\u0435\u043d\u0438\u044f*                    <\/a>\n                <\/h2>\n\n                <div class=\"ffwd\"><a href=\"https:\/\/www.acuklinika.lv\/ru\/%d1%86%d0%b5%d0%bd%d1%8b\/\" target=\"\" rel=\"\">\n                        \u0423\u0437\u043d\u0430\u0439 \u0431\u043e\u043b\u044c\u0448\u0435                    <\/a>\n                <\/div>\n\n            <\/div>\n\n        \n            <div class=\"item\">\n                <span class=\"icon\"><\/span>\n\n                <h2>\n                    <a href=\"https:\/\/www.acuklinika.lv\/ru\/%d1%83%d1%81%d0%bb%d1%83%d0%b3%d0%b8\/%d0%bb%d0%b0%d0%b7%d0%b5%d1%80%d0%bd%d0%b0%d1%8f-%d0%ba%d0%be%d1%80%d1%80%d0%b5%d0%ba%d1%86%d0%b8%d1%8f-%d0%b7%d1%80%d0%b5%d0%bd%d0%b8%d1%8f\/\" target=\"\" rel=\"\">\n                        \u041a\u0430\u0436\u0434\u044b\u0439 \u0441\u043b\u0435\u0434\u0443\u044e\u0449\u0438\u0439 \u043a\u0430\u043b\u0435\u043d\u0434\u0430\u0440\u043d\u044b\u0439 \u0433\u043e\u0434 \u2013 \u0431\u0435\u0441\u043f\u043b\u0430\u0442\u043d\u0430\u044f \u0435\u0436\u0435\u0433\u043e\u0434\u043d\u0430\u044f \u043a\u043e\u043d\u0442\u0440\u043e\u043b\u044c\u043d\u0430\u044f \u043f\u0440\u043e\u0432\u0435\u0440\u043a\u0430 \u0437\u0440\u0435\u043d\u0438\u044f \u0443 \u043e\u043f\u0442\u043e\u043c\u0435\u0442\u0440\u0438\u0441\u0442\u0430*                    <\/a>\n                <\/h2>\n\n                <div class=\"ffwd\"><a href=\"https:\/\/www.acuklinika.lv\/ru\/%d1%83%d1%81%d0%bb%d1%83%d0%b3%d0%b8\/%d0%bb%d0%b0%d0%b7%d0%b5%d1%80%d0%bd%d0%b0%d1%8f-%d0%ba%d0%be%d1%80%d1%80%d0%b5%d0%ba%d1%86%d0%b8%d1%8f-%d0%b7%d1%80%d0%b5%d0%bd%d0%b8%d1%8f\/\" target=\"\" rel=\"\">\n                        \u0423\u0437\u043d\u0430\u0439 \u0431\u043e\u043b\u044c\u0448\u0435                    <\/a>\n                <\/div>\n\n            <\/div>\n\n        \n    <\/div>\n    <div class=\"lukins-spacer medium\"><\/div>\n    <div class=\"notes\">\n        *\u0412 \u0446\u0435\u043d\u0435 SMART LASIK \u0438 TRANS-EPI LASIK \u0443\u0436\u0435 \u0432\u043a\u043b\u044e\u0447\u0435\u043d\u044b \u043a\u043e\u043d\u0442\u0440\u043e\u043b\u044c\u043d\u044b\u0435 \u043f\u0440\u043e\u0432\u0435\u0440\u043a\u0438 \u0437\u0440\u0435\u043d\u0438\u044f \u0443 \u043e\u043f\u0442\u043e\u043c\u0435\u0442\u0440\u0438\u0441\u0442\u0430 \u043f\u043e\u0441\u043b\u0435 \u043e\u043f\u0435\u0440\u0430\u0446\u0438\u0438    <\/div>\n    <div class=\"lukins-spacer medium\"><\/div>\n<\/div>\n\n<script>\n\n    jQuery(document).ready(function() {\n\n\/\/    * Apr\u0113\u0137ini veikti, par pamatu \u0146emot vid\u0113j\u0101s m\u0113ne\u0161a (Ls 12) un dienas (Ls 30)\n\/\/        kontaktl\u0113cu cenas vienam m\u0113nesim, k\u0101 ar\u012b uzglab\u0101\u0161anas \u0161\u0137\u012bduma vid\u0113j\u0101s izmaksas m\u0113nes\u012b (Ls 4).\n\/\/        Apr\u0113\u0137in\u0101 pie\u0146emts, ka kontaktl\u0113cas tiek lietotas l\u012bdz 60 gadu vecumam,\n\/\/            un tam ir tikai informat\u012bva noz\u012bme.\n\n        var calc = jQuery('#6eacb9667a016185bb403cb2bf1a733ce5c070f569ea25b45fd20');\n        var ageRange = calc.find('.range.age');\n        var ageValue = calc.find('.value.age');\n        var result = calc.find('.total-value-button');\n        var activeType = calc.find('.type .active');\n\n        ageRange.slider({\n\n            range: \"min\",\n            step: 1,\n            min: ageRange.data('min-age'),\n            max: ageRange.data('max-age'),\n\n            create: function(event, ui){\n\n                jQuery(this).slider('value', ageRange.data('default-age'));\n                ageValue.val( ageRange.data('default-age') );\n\n                do_6eacb9667a016185bb403cb2bf1a733ce5c070f569ea25b45fd20_update()\n\n            },\n\n            slide: function(event, ui ) {\n\n                jQuery(this).slider('value', ui.value);\n                ageValue.val( ui.value );\n\n                do_6eacb9667a016185bb403cb2bf1a733ce5c070f569ea25b45fd20_update()\n\n            }\n\n        });\n\n        function do_6eacb9667a016185bb403cb2bf1a733ce5c070f569ea25b45fd20_update() {\n\n            var years = ageRange.data('to-age') - ageValue.val();\n            var value = years * 12 * ( parseFloat( ageRange.data('cost-liquid') ) + parseFloat( activeType.data('value') ) );\n            var reduced = value - parseFloat( ageRange.data('cost-service') );\n\n            result.val( String( Math.round(reduced) ) + result.data('suffix') );\n\n        }\n\n        calc.find('.type a').click(function() {\n\n            jQuery(this).siblings().removeClass('active');\n            jQuery(this).addClass('active');\n            activeType = jQuery(this);\n\n            do_6eacb9667a016185bb403cb2bf1a733ce5c070f569ea25b45fd20_update()\n\n        })\n\n\n    })\n\n<\/script>\n<div class=\"lukins-promo-signup\">\n    <div class=\"title\">\n\n        <\/p>\n<h2><a href=\"http:\/\/lukins.html.born.lv\/home.html#\">\u041f\u0440\u0438\u0445\u043e\u0434\u0438\u0442\u0435 \u043d\u0430 \u043a\u043e\u043d\u0441\u0443\u043b\u044c\u0442\u0430\u0446\u0438\u044e, \u0438 \u043c\u044b \u0440\u0430\u0441\u0441\u043a\u0430\u0436\u0435\u043c \u043f\u043e\u0434\u0440\u043e\u0431\u043d\u0435\u0435!<\/a><\/h2>\n<div class=\"intro\">\n            <p>\n                \u041e\u043f\u044b\u0442\u043d\u044b\u0435 \u0441\u043f\u0435\u0446\u0438\u0430\u043b\u0438\u0441\u0442\u044b \u043e\u0442\u0432\u0435\u0442\u044f\u0442 \u043d\u0430 \u0432\u0441\u0435 \u0432\u043e\u043f\u0440\u043e\u0441\u044b \u043e \u043b\u0430\u0437\u0435\u0440\u043d\u043e\u0439 \u043a\u043e\u0440\u0440\u0435\u043a\u0446\u0438\u0438 \u0437\u0440\u0435\u043d\u0438\u044f \u0438 \u0437\u0434\u043e\u0440\u043e\u0432\u044c\u0435 \u0432\u0430\u0448\u0438\u0445 \u0433\u043b\u0430\u0437.            <\/p>\n        <\/div>\n\n        <a href=\"#signup\"\n           target=\"\"\n           rel=\"\" class=\"lukins-btn\">\u0417\u0430\u043f\u0438\u0448\u0438\u0442\u0435\u0441\u044c \u043d\u0430 \u043a\u043e\u043d\u0441\u0443\u043b\u044c\u0442\u0430\u0446\u0438\u044e<\/a>\n\n        <h3><\/h3>\n\n    <\/div>\n\n            <div class=\"bg-parallax\">\n            <div class=\"image\" style=\"background-image: url(https:\/\/acuklinika.lv\/wp-content\/uploads\/2018\/02\/pexels-ksenia-chernaya-5752266-2-1920x960.jpg);\"><\/div>\n        <\/div>\n    \n<\/div>[\/vc_column][\/vc_row]<\/p>\n<\/section>","protected":false},"excerpt":{"rendered":"<p>[vc_row][vc_column][\/vc_column][\/vc_row]<\/p>\n","protected":false},"author":1,"featured_media":0,"parent":0,"menu_order":0,"comment_status":"closed","ping_status":"closed","template":"template-homepage.php","meta":[],"_links":{"self":[{"href":"https:\/\/acuklinika.lv\/ru\/wp-json\/wp\/v2\/pages\/1061"}],"collection":[{"href":"https:\/\/acuklinika.lv\/ru\/wp-json\/wp\/v2\/pages"}],"about":[{"href":"https:\/\/acuklinika.lv\/ru\/wp-json\/wp\/v2\/types\/page"}],"author":[{"embeddable":true,"href":"https:\/\/acuklinika.lv\/ru\/wp-json\/wp\/v2\/users\/1"}],"replies":[{"embeddable":true,"href":"https:\/\/acuklinika.lv\/ru\/wp-json\/wp\/v2\/comments?post=1061"}],"version-history":[{"count":26,"href":"https:\/\/acuklinika.lv\/ru\/wp-json\/wp\/v2\/pages\/1061\/revisions"}],"predecessor-version":[{"id":11897,"href":"https:\/\/acuklinika.lv\/ru\/wp-json\/wp\/v2\/pages\/1061\/revisions\/11897"}],"wp:attachment":[{"href":"https:\/\/acuklinika.lv\/ru\/wp-json\/wp\/v2\/media?parent=1061"}],"curies":[{"name":"wp","href":"https:\/\/api.w.org\/{rel}","templated":true}]}}